{"id":6,"date":"2016-10-04T11:43:30","date_gmt":"2016-10-04T09:43:30","guid":{"rendered":"http:\/\/www.liberonsleselections.org\/?page_id=6"},"modified":"2022-01-26T16:45:48","modified_gmt":"2022-01-26T15:45:48","slug":"liberons-les-elections-demenageur-demenagement-visa-chine-visa-inde-visa-vietnam-visa-russie-croisiere-safari-afrique-garde-meubles","status":"publish","type":"page","link":"https:\/\/www.liberonsleselections.org\/","title":{"rendered":"Lib\u00e9rons les \u00e9lections"},"content":{"rendered":"<h2>Pourquoi faut-il lib\u00e9rer les \u00e9lections ?\u00a0<img loading=\"lazy\" class=\"alignright size-full wp-image-11\" src=\"http:\/\/www.liberonsleselections.org\/wp-content\/uploads\/2016\/10\/16.jpeg.jpg\" alt=\"16.jpeg\" width=\"275\" height=\"183\" \/><\/h2>\n<p>Les \u00e9lections sont le garant de la d\u00e9mocratie. Seul processus apte \u00e0 pourvoir r\u00e9ellement jauger le pouls de la population, ils permettent ainsi l\u2019autod\u00e9termination des peuples, un droit fondamental. Toutefois, ces \u00e9lections se doivent d\u2019\u00eatre libres. L\u2019on peut poser la question du pourquoi de la chose. Premi\u00e8rement, les dirigeants issus des \u00e9lections ne peuvent pr\u00e9tendre \u00e0 une quelconque l\u00e9gitimit\u00e9 aupr\u00e8s de la population s\u2019ils ont \u00e9t\u00e9 \u00e9lus de mani\u00e8re frauduleuse. Ensuite, la confiance entre le peuple et ses repr\u00e9sentants est une des bases de la d\u00e9mocratie. Si ce contrat social n\u2019a pas \u00e9t\u00e9 rempli ou a \u00e9t\u00e9 rompu, c\u2019est le processus d\u00e9mocratique dans son ensemble qui est fragilis\u00e9. Des \u00e9lections libres permettent \u00e9galement d\u2019avoir une classe politique vivante, peu tent\u00e9e par le n\u00e9potisme ou \u00e0 la d\u00e9magogie. Elles augmentent les chances de faire \u00e9lire la meilleure personne possible pour un poste donn\u00e9e. La libert\u00e9 est donc un gage de dynamisme non seulement politique, mais \u00e9galement \u00e9conomique pour un pays. Enfin, proc\u00e9der \u00e0 des \u00e9lections non d\u00e9mocratiques \u00e9quivaut \u00e0 l\u2019\u00e9cartement imm\u00e9diat de concert des nations. La communaut\u00e9 internationale tol\u00e8re en effet de moins en moins les \u00e9carts de conduite des dirigeants.<\/p>\n<h2>Tout sur le d\u00e9m\u00e9nagement<\/h2>\n<p>Changer de vie ne se fait pas du jour au lendemain, m\u00eame si des solutions permettent de plus en plus aujourd\u2019hui d\u2019atteindre ce type de d\u00e9lai. Toutefois, pour la majorit\u00e9 de la population, il faudra toujours un certain temps pour les pr\u00e9parations. Il faudra tout d\u2019abord imp\u00e9rativement s\u2019occuper de toute la paperasse. Ainsi, pr\u00e9venez imm\u00e9diatement votre propri\u00e9taire une fois que la date du d\u00e9part commence \u00e0 se profiler. Ensuite, changer vos coordonn\u00e9es aupr\u00e8s de vos fournisseurs de gaz, d\u2019\u00e9lectricit\u00e9 ou encore de t\u00e9l\u00e9phone ainsi qu\u2019\u00e0 la poste. \u00c7a pourrait \u00eatre une occasion de ren\u00e9gocier vos contrats. Tout ceci effectu\u00e9, vous pourrez appeler un d\u00e9m\u00e9nageur <a href=\"https:\/\/demenageur.com\">demenageur.com<\/a> et proc\u00e9der \u00e0 votre d\u00e9m\u00e9nagement. Ce dernier vous fournira gratuitement un devis d\u00e9m\u00e9nagement en fonction des options choisies. N\u2019h\u00e9sitez pas \u00e0 contacter plusieurs professionnels et \u00e0 comparer leurs tarifs. Vous n\u2019aurez plus qu\u2019\u00e0 attendre la date fix\u00e9e. Demenagement rime aussi souvent avec garde-meubles\u00a0.<\/p>\n<h2>Informations sur l\u2019assurance vie<\/h2>\n<p>Placement ayant d\u00e9tr\u00f4n\u00e9 le livret A dans le c\u0153ur des Fran\u00e7ais, l\u2019 assurance vie\u00a0n\u2019a que des avantages. Contrairement \u00e0 son appellation, elle ne fait pas partie de la famille des assurances. Contrairement \u00e0 l\u2019assurance d\u00e9c\u00e8s, ce n\u2019est pas une somme fixe vers\u00e9e en compensation aux proches en cas d\u2019accident. C\u2019est une somme qui sera vers\u00e9e, \u00e0 vous ou \u00e0 vos ayants droit, apr\u00e8s un certain nombre d\u2019ann\u00e9es de cotisations. L\u2019un des grands avantages de ce placement est \u00e9galement la possibilit\u00e9 de retirer le capital investi \u00e0 tout moment. Toutefois, des all\u00e8gements fiscaux \u00e9tant pr\u00e9vus apr\u00e8s 8 ann\u00e9es de cotisations, vous aurez tout int\u00e9r\u00eat \u00e0 attendre ce d\u00e9lai avant d\u2019en profiter. Pour encore plus de s\u00e9curit\u00e9, optez pour des \u00ab Fonds euro \u00bb. Cette s\u00e9curit\u00e9 se fera par contre au d\u00e9triment des int\u00e9r\u00eats, qui seront assez bas.<\/p>\n<h2>Informations g\u00e9n\u00e9rales sur les visas pour l\u2019\u00e9tranger<\/h2>\n<p>Les voyages \u00e0 l\u2019\u00e9tranger, surtout en dehors de l\u2019Union europ\u00e9enne, n\u00e9cessitent un certain nombre de formalit\u00e9s administratives. Le plus important \u00e9tant l\u2019obtention d\u2019un visa, s\u00e9same indispensable pour visiter un pays. Les d\u00e9marches pour sa d\u00e9livrance varient d\u2019un pays \u00e0 un autre. Ainsi, pour un visa chine\u00a0, il faudra par exemple s\u2019y prendre assez t\u00f4t puisqu\u2019il faut en moyenne une semaine pour s\u2019en voir attribuer un. L\u2019Ambassade de Russie, elle, d\u00e9livre plus ou moins rapidement le visa Russie \u00a0en fonction du montant que vous y mettez. Il faudra ainsi attendre entre 3 et 5 jours. Le visa Inde \u00a0, en France, est d\u00e9livr\u00e9 dans 5 centres r\u00e9partis sur le territoire. Il est imp\u00e9ratif de se d\u00e9placer personnellement dans le centre le plus proche pour tous les demandeurs d\u2019un \u00e2ge sup\u00e9rieur \u00e0 12 ans. Enfin, le visa Vietnam est le plus rapide \u00e0 obtenir puisqu\u2019il ne faut qu\u2019une seule journ\u00e9e \u00e0 leur Ambassade pour le d\u00e9livrer.<\/p>\n<h2>Informations g\u00e9n\u00e9rales sur les croisi\u00e8res<\/h2>\n<p>Un des moyens les plus commodes pour voyager, les croisiere sont de plus en plus abordables. Jadis r\u00e9serv\u00e9es aux \u00e9lites, il est aujourd\u2019hui possible de trouver des billets \u00e0 des prix attractifs simplement sur internet. En utilisant des astuces, comme opter pour une croisi\u00e8re courte lors de la basse saison et r\u00e9server le plus tard possible, vous pourrez b\u00e9n\u00e9ficier de r\u00e9ductions tr\u00e8s importantes pouvant aller jusqu\u2019\u00e0 \u2014 80 %. D\u00e9couvrir le monde n\u2019a jamais \u00e9t\u00e9 aussi facile et agr\u00e9able.<\/p>\n<h2>Informations sur les safaris<\/h2>\n<p>Grands espaces, b\u00eates mythiques ou encore rencontres avec les populations locales, effectuer un safari Afrique \u00a0est l\u2019exp\u00e9rience d\u2019une vie. Le safari Afrique du Sud \u00a0est sans doute le plus pris\u00e9 du fait de la grande vari\u00e9t\u00e9 des sites \u00e0 visiter, de l\u2019importance des infrastructures pr\u00e9sentes et de la notori\u00e9t\u00e9 du pays. Un safari Kenya\u00a0pr\u00e9sentera des prestations plus ou moins similaires, avec les particularit\u00e9s locales, dont le Massa\u00ef Mara. La Tanzanie voisine propose un safari Tanzanie moins organis\u00e9, plus rustique avec beaucoup moins d\u2019infrastructures. Elle poss\u00e8de par contre des parcs exceptionnels d\u2019une plus grande envergure que ceux du Kenya.<\/p>\n","protected":false},"excerpt":{"rendered":"<p>Pourquoi faut-il lib\u00e9rer les \u00e9lections ?\u00a0 Les \u00e9lections sont le garant de la d\u00e9mocratie. Seul processus apte \u00e0 pourvoir r\u00e9ellement jauger le pouls de la population, ils permettent ainsi l\u2019autod\u00e9termination des peuples, un droit fondamental. Toutefois, ces \u00e9lections se doivent d\u2019\u00eatre libres. L\u2019on peut poser la question du pourquoi de la chose. Premi\u00e8rement, les dirigeants [&hellip;]<\/p>\n","protected":false},"author":1,"featured_media":0,"parent":0,"menu_order":0,"comment_status":"closed","ping_status":"closed","template":"","meta":[],"_links":{"self":[{"href":"https:\/\/www.liberonsleselections.org\/index.php\/wp-json\/wp\/v2\/pages\/6"}],"collection":[{"href":"https:\/\/www.liberonsleselections.org\/index.php\/wp-json\/wp\/v2\/pages"}],"about":[{"href":"https:\/\/www.liberonsleselections.org\/index.php\/wp-json\/wp\/v2\/types\/page"}],"author":[{"embeddable":true,"href":"https:\/\/www.liberonsleselections.org\/index.php\/wp-json\/wp\/v2\/users\/1"}],"replies":[{"embeddable":true,"href":"https:\/\/www.liberonsleselections.org\/index.php\/wp-json\/wp\/v2\/comments?post=6"}],"version-history":[{"count":7,"href":"https:\/\/www.liberonsleselections.org\/index.php\/wp-json\/wp\/v2\/pages\/6\/revisions"}],"predecessor-version":[{"id":21,"href":"https:\/\/www.liberonsleselections.org\/index.php\/wp-json\/wp\/v2\/pages\/6\/revisions\/21"}],"wp:attachment":[{"href":"https:\/\/www.liberonsleselections.org\/index.php\/wp-json\/wp\/v2\/media?parent=6"}],"curies":[{"name":"wp","href":"https:\/\/api.w.org\/{rel}","templated":true}]}}